{"id":2070,"date":"2026-01-22T23:38:30","date_gmt":"2026-01-22T22:38:30","guid":{"rendered":"https:\/\/vignasantamico.it\/erlebnisse\/"},"modified":"2026-03-09T12:27:39","modified_gmt":"2026-03-09T11:27:39","slug":"erlebnisse","status":"publish","type":"page","link":"https:\/\/vignasantamico.it\/de\/erlebnisse\/","title":{"rendered":"Erlebnisse"},"content":{"rendered":"\t\t<div data-elementor-type=\"wp-page\" data-elementor-id=\"2070\" class=\"elementor elementor-2070 elementor-289\" data-elementor-post-type=\"page\">\n\t\t\t\t<div class=\"elementor-element elementor-element-82de672 e-flex e-con-boxed e-con e-parent\" data-id=\"82de672\" data-element_type=\"container\" data-e-type=\"container\">\n\t\t\t\t\t<div class=\"e-con-inner\">\n\t\t<div class=\"elementor-element elementor-element-5f4b1e3 e-con-full e-flex e-con e-child\" data-id=\"5f4b1e3\" data-element_type=\"container\" data-e-type=\"container\">\n\t\t\t\t<div class=\"elementor-element elementor-element-7309055 elementor-widget elementor-widget-heading\" data-id=\"7309055\" data-element_type=\"widget\" data-e-type=\"widget\" data-widget_type=\"heading.default\">\n\t\t\t\t\t<h2 class=\"elementor-heading-title elementor-size-default\">Erlebnisse zwischen H\u00fcgeln und Meer\n<\/h2>\t\t\t\t<\/div>\n\t\t\t\t<div class=\"elementor-element elementor-element-ffb62bd elementor-widget elementor-widget-heading\" data-id=\"ffb62bd\" data-element_type=\"widget\" data-e-type=\"widget\" data-widget_type=\"heading.default\">\n\t\t\t\t\t<h2 class=\"elementor-heading-title elementor-size-default\">Jeder Tag kann tausend Richtungen nehmen<\/h2>\t\t\t\t<\/div>\n\t\t\t\t<\/div>\n\t\t<div class=\"elementor-element elementor-element-826ea00 e-con-full e-flex e-con e-child\" data-id=\"826ea00\" data-element_type=\"container\" data-e-type=\"container\">\n\t\t\t\t<div class=\"elementor-element elementor-element-88c0c4f elementor-widget__width-initial elementor-widget elementor-widget-text-editor\" data-id=\"88c0c4f\" data-element_type=\"widget\" data-e-type=\"widget\" data-widget_type=\"text-editor.default\">\n\t\t\t\t\t\t\t\t\t<p>In <b>Vigna Sant\u2019Amico<\/b> zu wohnen bedeutet, von einer vielf\u00e4ltigen und reichen Umgebung umgeben zu sein, die ihren Rhythmus je nach Tageszeit \u00e4ndern kann: H\u00fcgel und Weinberge f\u00fcr alle, die Ruhe suchen, das Meer f\u00fcr alle, die Licht und Spazierg\u00e4nge am Wasser genie\u00dfen m\u00f6chten, D\u00f6rfer und Kunstst\u00e4dte f\u00fcr Liebhaber von Geschichte und Sch\u00f6nheit. Das Anwesen ist ein nat\u00fcrlicher Ausgangspunkt, um sich m\u00fchelos zu bewegen und immer in die Ruhe von <b>Morro d\u2019Alba<\/b> zur\u00fcckzukehren. <\/p><h3>Zwischen K\u00fcste und D\u00f6rfern: Ausfl\u00fcge f\u00fcr einen Tag<\/h3><p>In kurzer Entfernung liegen der Strand von <b>Senigallia<\/b> mit seinem weiten und hellen Sand sowie die <b>Riviera del Conero,<\/b> wo sich die Landschaft ver\u00e4ndert und das Meer zwischen Buchten, Gr\u00fcnfl\u00e4chen und Klippen besonders beeindruckend wird. Richtung Binnenland erz\u00e4hlen die <b>Burgen von Jesi<\/b> von einer Reihe befestigter D\u00f6rfer, von Pl\u00e4tzen und verwinkelten Stra\u00dfen. F\u00fcr alle, die einen besonders eindrucksvollen Zwischenstopp w\u00fcnschen, bieten die <b>Grotte di Frasassi<\/b> ein Naturerlebnis von gro\u00dfer Wirkung. F\u00fcr einen vollst\u00e4ndigen \u00dcberblick \u00fcber Ziele und Entfernungen k\u00f6nnen Sie die der <b><a href=\"https:\/\/vignasantamico.it\/de\/region\/\">Region Morro d\u2019Alba<\/a><\/b> gewidmete Seite besuchen.   <\/p><h3>Spazierg\u00e4nge, Fahrr\u00e4der und frische Luft<\/h3><p>Die H\u00fcgel rund um das Anwesen laden dazu ein, sich ohne Eile zu bewegen. Schotterwege, sanfte Auf- und Abstiege und offene Panoramen machen Spazierg\u00e4nge und Radtouren zwischen Weinreben und Feldern besonders angenehm. Es ist eine einfache M\u00f6glichkeit, den Rhythmus der Landschaft zu sp\u00fcren, dem Tageslicht und den Jahreszeiten zu folgen, mit Strecken, die sowohl f\u00fcr Radfahrer als auch f\u00fcr Wanderer geeignet sind.  <\/p><h3>Am Tisch: Tradition und Region<\/h3><p>Die Marken haben einen bodenst\u00e4ndigen und gro\u00dfz\u00fcgigen gastronomischen Charakter: Meeresk\u00fcche entlang der K\u00fcste, Landgerichte im Binnenland, Zutaten, die an die Saison und die H\u00e4nde derjenigen gebunden sind, die sie verarbeiten. In der Umgebung findet man leicht Gasth\u00e4user, Tavernen und Restaurants, in denen die Region auf nat\u00fcrliche Weise auf den Teller kommt, zwischen traditionellen Rezepten und zeitgen\u00f6ssischen Interpretationen. <\/p>\t\t\t\t\t\t\t\t<\/div>\n\t\t\t\t<\/div>\n\t\t\t\t\t<\/div>\n\t\t\t\t<\/div>\n\t\t<div class=\"elementor-element elementor-element-9a1b1e9 e-con-full e-flex e-con e-parent\" data-id=\"9a1b1e9\" data-element_type=\"container\" data-e-type=\"container\" data-settings=\"{&quot;background_background&quot;:&quot;classic&quot;}\">\n\t\t\t\t<\/div>\n\t\t<div class=\"elementor-element elementor-element-5ea4a7b e-flex e-con-boxed e-con e-parent\" data-id=\"5ea4a7b\" data-element_type=\"container\" data-e-type=\"container\">\n\t\t\t\t\t<div class=\"e-con-inner\">\n\t\t<div class=\"elementor-element elementor-element-61eb69e e-con-full e-flex e-con e-child\" data-id=\"61eb69e\" data-element_type=\"container\" data-e-type=\"container\">\n\t\t\t\t<div class=\"elementor-element elementor-element-672624b elementor-widget elementor-widget-heading\" data-id=\"672624b\" data-element_type=\"widget\" data-e-type=\"widget\" data-widget_type=\"heading.default\">\n\t\t\t\t\t<h2 class=\"elementor-heading-title elementor-size-default\">Die Kultur des Weinbergs<\/h2>\t\t\t\t<\/div>\n\t\t\t\t<div class=\"elementor-element elementor-element-994b66c elementor-widget elementor-widget-heading\" data-id=\"994b66c\" data-element_type=\"widget\" data-e-type=\"widget\" data-widget_type=\"heading.default\">\n\t\t\t\t\t<h2 class=\"elementor-heading-title elementor-size-default\">Lacrima di Morro d\u2019Alba und Verdicchio, die Identit\u00e4t einer Region<\/h2>\t\t\t\t<\/div>\n\t\t<div class=\"elementor-element elementor-element-3fd52d3 e-con-full e-flex e-con e-child\" data-id=\"3fd52d3\" data-element_type=\"container\" data-e-type=\"container\">\n\t\t\t\t<div class=\"elementor-element elementor-element-2e7e506 elementor-widget elementor-widget-text-editor\" data-id=\"2e7e506\" data-element_type=\"widget\" data-e-type=\"widget\" data-widget_type=\"text-editor.default\">\n\t\t\t\t\t\t\t\t\t<p>Die Identit\u00e4t von <b>Vigna Sant\u2019Amico<\/b> ist tief mit dem Weinberg verbunden. Das Anwesen geh\u00f6rt <b>Marotti Campi<\/b>, einem historischen Weingut der Region, und diese Verbindung macht das Erlebnis noch stimmiger mit dem Ort. In der Umgebung kann man Momente rund um den Wein erleben, durch Verkostungen und Wein-Touren, mit besonderem Augenmerk auf die beiden symboltr\u00e4chtigen Rebsorten dieser H\u00fcgel: <b>Lacrima di Morro d\u2019Alba<\/b> und <b>Verdicchio<\/b>. Eine elegante M\u00f6glichkeit, die lokale Weintradition in Ruhe zu entdecken, zwischen D\u00fcften und Landschaften.   <\/p><p>Ob der Tag ans Meer, zu den D\u00f6rfern, in die Natur oder zu einem geteilten Glas Wein f\u00fchrt \u2013 hier bleibt alles nah und gut erreichbar. Und bei der R\u00fcckkehr bringt das Anwesen wieder seinen eigenen Rhythmus: Stille, H\u00fcgel und Licht. <\/p>\t\t\t\t\t\t\t\t<\/div>\n\t\t\t\t<\/div>\n\t\t\t\t<\/div>\n\t\t\t\t\t<\/div>\n\t\t\t\t<\/div>\n\t\t<div class=\"elementor-element elementor-element-97735cf e-con-full e-flex e-con e-parent\" data-id=\"97735cf\" data-element_type=\"container\" data-e-type=\"container\" data-settings=\"{&quot;background_background&quot;:&quot;classic&quot;}\">\n\t\t\t\t<\/div>\n\t\t\t\t<\/div>\n\t\t","protected":false},"excerpt":{"rendered":"<p>Erlebnisse zwischen H\u00fcgeln und Meer Jeder Tag kann tausend Richtungen nehmen In Vigna Sant\u2019Amico zu wohnen bedeutet, von einer vielf\u00e4ltigen und reichen Umgebung umgeben zu sein, die ihren Rhythmus je nach Tageszeit \u00e4ndern kann: H\u00fcgel und Weinberge f\u00fcr alle, die Ruhe suchen, das Meer f\u00fcr alle, die Licht und Spazierg\u00e4nge am Wasser genie\u00dfen m\u00f6chten, D\u00f6rfer [&hellip;]<\/p>\n","protected":false},"author":2,"featured_media":2074,"parent":0,"menu_order":0,"comment_status":"closed","ping_status":"closed","template":"","meta":{"_acf_changed":false,"footnotes":""},"tags":[],"page_category":[],"class_list":["post-2070","page","type-page","status-publish","has-post-thumbnail","hentry"],"acf":[],"yoast_head":"<!-- This site is optimized with the Yoast SEO plugin v27.4 - https:\/\/yoast.com\/product\/yoast-seo-wordpress\/ -->\n<title>Erlebnisse in den Marken | Vigna Sant\u2019Amico in Morro d\u2019Alba<\/title>\n<meta name=\"description\" content=\"Erlebnisse rund um Vigna Sant\u2019Amico: Senigallia, Riviera del Conero, Burgen von Jesi, Frasassi, Radfahren, Spazierg\u00e4nge und Wein-Tourismus zwischen Lacrima und Verdicchio.\" \/>\n<meta name=\"robots\" content=\"index, follow, max-snippet:-1, max-image-preview:large, max-video-preview:-1\" \/>\n<link rel=\"canonical\" href=\"https:\/\/vignasantamico.it\/de\/erlebnisse\/\" \/>\n<meta property=\"og:locale\" content=\"de_DE\" \/>\n<meta property=\"og:type\" content=\"article\" \/>\n<meta property=\"og:title\" content=\"Erlebnisse in den Marken | Vigna Sant\u2019Amico in Morro d\u2019Alba\" \/>\n<meta property=\"og:description\" content=\"Erlebnisse rund um Vigna Sant\u2019Amico: Senigallia, Riviera del Conero, Burgen von Jesi, Frasassi, Radfahren, Spazierg\u00e4nge und Wein-Tourismus zwischen Lacrima und Verdicchio.\" \/>\n<meta property=\"og:url\" content=\"https:\/\/vignasantamico.it\/de\/erlebnisse\/\" \/>\n<meta property=\"og:site_name\" content=\"Vigna Sant\u2019Amico Agriturismo | Morro d\u2019Alba (AN)\" \/>\n<meta property=\"article:publisher\" content=\"https:\/\/www.facebook.com\/CHVignaSantAmico\" \/>\n<meta property=\"article:modified_time\" content=\"2026-03-09T11:27:39+00:00\" \/>\n<meta property=\"og:image\" content=\"https:\/\/vignasantamico.it\/wp-content\/uploads\/2026\/02\/vigna-santamico-agriturismo-morro-d-alba-marche-senigallia-ESPERIENZE-cover2.jpg\" \/>\n\t<meta property=\"og:image:width\" content=\"1024\" \/>\n\t<meta property=\"og:image:height\" content=\"683\" \/>\n\t<meta property=\"og:image:type\" content=\"image\/jpeg\" \/>\n<meta name=\"twitter:card\" content=\"summary_large_image\" \/>\n<meta name=\"twitter:label1\" content=\"Gesch\u00e4tzte Lesezeit\" \/>\n\t<meta name=\"twitter:data1\" content=\"3\u00a0Minuten\" \/>\n<script type=\"application\/ld+json\" class=\"yoast-schema-graph\">{\"@context\":\"https:\\\/\\\/schema.org\",\"@graph\":[{\"@type\":\"WebPage\",\"@id\":\"https:\\\/\\\/vignasantamico.it\\\/de\\\/erlebnisse\\\/\",\"url\":\"https:\\\/\\\/vignasantamico.it\\\/de\\\/erlebnisse\\\/\",\"name\":\"Erlebnisse in den Marken | Vigna Sant\u2019Amico in Morro d\u2019Alba\",\"isPartOf\":{\"@id\":\"https:\\\/\\\/vignasantamico.it\\\/#website\"},\"primaryImageOfPage\":{\"@id\":\"https:\\\/\\\/vignasantamico.it\\\/de\\\/erlebnisse\\\/#primaryimage\"},\"image\":{\"@id\":\"https:\\\/\\\/vignasantamico.it\\\/de\\\/erlebnisse\\\/#primaryimage\"},\"thumbnailUrl\":\"https:\\\/\\\/vignasantamico.it\\\/wp-content\\\/uploads\\\/2026\\\/02\\\/vigna-santamico-agriturismo-morro-d-alba-marche-senigallia-ESPERIENZE-cover2.jpg\",\"datePublished\":\"2026-01-22T22:38:30+00:00\",\"dateModified\":\"2026-03-09T11:27:39+00:00\",\"description\":\"Erlebnisse rund um Vigna Sant\u2019Amico: Senigallia, Riviera del Conero, Burgen von Jesi, Frasassi, Radfahren, Spazierg\u00e4nge und Wein-Tourismus zwischen Lacrima und Verdicchio.\",\"breadcrumb\":{\"@id\":\"https:\\\/\\\/vignasantamico.it\\\/de\\\/erlebnisse\\\/#breadcrumb\"},\"inLanguage\":\"de\",\"potentialAction\":[{\"@type\":\"ReadAction\",\"target\":[\"https:\\\/\\\/vignasantamico.it\\\/de\\\/erlebnisse\\\/\"]}]},{\"@type\":\"ImageObject\",\"inLanguage\":\"de\",\"@id\":\"https:\\\/\\\/vignasantamico.it\\\/de\\\/erlebnisse\\\/#primaryimage\",\"url\":\"https:\\\/\\\/vignasantamico.it\\\/wp-content\\\/uploads\\\/2026\\\/02\\\/vigna-santamico-agriturismo-morro-d-alba-marche-senigallia-ESPERIENZE-cover2.jpg\",\"contentUrl\":\"https:\\\/\\\/vignasantamico.it\\\/wp-content\\\/uploads\\\/2026\\\/02\\\/vigna-santamico-agriturismo-morro-d-alba-marche-senigallia-ESPERIENZE-cover2.jpg\",\"width\":1024,\"height\":683},{\"@type\":\"BreadcrumbList\",\"@id\":\"https:\\\/\\\/vignasantamico.it\\\/de\\\/erlebnisse\\\/#breadcrumb\",\"itemListElement\":[{\"@type\":\"ListItem\",\"position\":1,\"name\":\"Home\",\"item\":\"https:\\\/\\\/vignasantamico.it\\\/de\\\/homepage\\\/\"},{\"@type\":\"ListItem\",\"position\":2,\"name\":\"Erlebnisse\"}]},{\"@type\":\"WebSite\",\"@id\":\"https:\\\/\\\/vignasantamico.it\\\/#website\",\"url\":\"https:\\\/\\\/vignasantamico.it\\\/\",\"name\":\"Vigna Sant\u2019Amico Agriturismo | Morro d\u2019Alba (AN)\",\"description\":\"Agriturismo nelle colline di Morro d\u2019Alba, vicino Senigallia\",\"publisher\":{\"@id\":\"https:\\\/\\\/vignasantamico.it\\\/#organization\"},\"potentialAction\":[{\"@type\":\"SearchAction\",\"target\":{\"@type\":\"EntryPoint\",\"urlTemplate\":\"https:\\\/\\\/vignasantamico.it\\\/?s={search_term_string}\"},\"query-input\":{\"@type\":\"PropertyValueSpecification\",\"valueRequired\":true,\"valueName\":\"search_term_string\"}}],\"inLanguage\":\"de\"},{\"@type\":\"Organization\",\"@id\":\"https:\\\/\\\/vignasantamico.it\\\/#organization\",\"name\":\"Vigna Sant\u2019Amico Agriturismo | Morro d\u2019Alba (AN)\",\"url\":\"https:\\\/\\\/vignasantamico.it\\\/\",\"logo\":{\"@type\":\"ImageObject\",\"inLanguage\":\"de\",\"@id\":\"https:\\\/\\\/vignasantamico.it\\\/#\\\/schema\\\/logo\\\/image\\\/\",\"url\":\"https:\\\/\\\/vignasantamico.it\\\/wp-content\\\/uploads\\\/2026\\\/01\\\/LOGO-VIGNA-SANTAMICO-AGRITURISMO-white.png\",\"contentUrl\":\"https:\\\/\\\/vignasantamico.it\\\/wp-content\\\/uploads\\\/2026\\\/01\\\/LOGO-VIGNA-SANTAMICO-AGRITURISMO-white.png\",\"width\":339,\"height\":196,\"caption\":\"Vigna Sant\u2019Amico Agriturismo | Morro d\u2019Alba (AN)\"},\"image\":{\"@id\":\"https:\\\/\\\/vignasantamico.it\\\/#\\\/schema\\\/logo\\\/image\\\/\"},\"sameAs\":[\"https:\\\/\\\/www.facebook.com\\\/CHVignaSantAmico\",\"https:\\\/\\\/www.instagram.com\\\/vignasantamicoch\\\/\"]}]}<\/script>\n<!-- \/ Yoast SEO plugin. -->","yoast_head_json":{"title":"Erlebnisse in den Marken | Vigna Sant\u2019Amico in Morro d\u2019Alba","description":"Erlebnisse rund um Vigna Sant\u2019Amico: Senigallia, Riviera del Conero, Burgen von Jesi, Frasassi, Radfahren, Spazierg\u00e4nge und Wein-Tourismus zwischen Lacrima und Verdicchio.","robots":{"index":"index","follow":"follow","max-snippet":"max-snippet:-1","max-image-preview":"max-image-preview:large","max-video-preview":"max-video-preview:-1"},"canonical":"https:\/\/vignasantamico.it\/de\/erlebnisse\/","og_locale":"de_DE","og_type":"article","og_title":"Erlebnisse in den Marken | Vigna Sant\u2019Amico in Morro d\u2019Alba","og_description":"Erlebnisse rund um Vigna Sant\u2019Amico: Senigallia, Riviera del Conero, Burgen von Jesi, Frasassi, Radfahren, Spazierg\u00e4nge und Wein-Tourismus zwischen Lacrima und Verdicchio.","og_url":"https:\/\/vignasantamico.it\/de\/erlebnisse\/","og_site_name":"Vigna Sant\u2019Amico Agriturismo | Morro d\u2019Alba (AN)","article_publisher":"https:\/\/www.facebook.com\/CHVignaSantAmico","article_modified_time":"2026-03-09T11:27:39+00:00","og_image":[{"width":1024,"height":683,"url":"https:\/\/vignasantamico.it\/wp-content\/uploads\/2026\/02\/vigna-santamico-agriturismo-morro-d-alba-marche-senigallia-ESPERIENZE-cover2.jpg","type":"image\/jpeg"}],"twitter_card":"summary_large_image","twitter_misc":{"Gesch\u00e4tzte Lesezeit":"3\u00a0Minuten"},"schema":{"@context":"https:\/\/schema.org","@graph":[{"@type":"WebPage","@id":"https:\/\/vignasantamico.it\/de\/erlebnisse\/","url":"https:\/\/vignasantamico.it\/de\/erlebnisse\/","name":"Erlebnisse in den Marken | Vigna Sant\u2019Amico in Morro d\u2019Alba","isPartOf":{"@id":"https:\/\/vignasantamico.it\/#website"},"primaryImageOfPage":{"@id":"https:\/\/vignasantamico.it\/de\/erlebnisse\/#primaryimage"},"image":{"@id":"https:\/\/vignasantamico.it\/de\/erlebnisse\/#primaryimage"},"thumbnailUrl":"https:\/\/vignasantamico.it\/wp-content\/uploads\/2026\/02\/vigna-santamico-agriturismo-morro-d-alba-marche-senigallia-ESPERIENZE-cover2.jpg","datePublished":"2026-01-22T22:38:30+00:00","dateModified":"2026-03-09T11:27:39+00:00","description":"Erlebnisse rund um Vigna Sant\u2019Amico: Senigallia, Riviera del Conero, Burgen von Jesi, Frasassi, Radfahren, Spazierg\u00e4nge und Wein-Tourismus zwischen Lacrima und Verdicchio.","breadcrumb":{"@id":"https:\/\/vignasantamico.it\/de\/erlebnisse\/#breadcrumb"},"inLanguage":"de","potentialAction":[{"@type":"ReadAction","target":["https:\/\/vignasantamico.it\/de\/erlebnisse\/"]}]},{"@type":"ImageObject","inLanguage":"de","@id":"https:\/\/vignasantamico.it\/de\/erlebnisse\/#primaryimage","url":"https:\/\/vignasantamico.it\/wp-content\/uploads\/2026\/02\/vigna-santamico-agriturismo-morro-d-alba-marche-senigallia-ESPERIENZE-cover2.jpg","contentUrl":"https:\/\/vignasantamico.it\/wp-content\/uploads\/2026\/02\/vigna-santamico-agriturismo-morro-d-alba-marche-senigallia-ESPERIENZE-cover2.jpg","width":1024,"height":683},{"@type":"BreadcrumbList","@id":"https:\/\/vignasantamico.it\/de\/erlebnisse\/#breadcrumb","itemListElement":[{"@type":"ListItem","position":1,"name":"Home","item":"https:\/\/vignasantamico.it\/de\/homepage\/"},{"@type":"ListItem","position":2,"name":"Erlebnisse"}]},{"@type":"WebSite","@id":"https:\/\/vignasantamico.it\/#website","url":"https:\/\/vignasantamico.it\/","name":"Vigna Sant\u2019Amico Agriturismo | Morro d\u2019Alba (AN)","description":"Agriturismo nelle colline di Morro d\u2019Alba, vicino Senigallia","publisher":{"@id":"https:\/\/vignasantamico.it\/#organization"},"potentialAction":[{"@type":"SearchAction","target":{"@type":"EntryPoint","urlTemplate":"https:\/\/vignasantamico.it\/?s={search_term_string}"},"query-input":{"@type":"PropertyValueSpecification","valueRequired":true,"valueName":"search_term_string"}}],"inLanguage":"de"},{"@type":"Organization","@id":"https:\/\/vignasantamico.it\/#organization","name":"Vigna Sant\u2019Amico Agriturismo | Morro d\u2019Alba (AN)","url":"https:\/\/vignasantamico.it\/","logo":{"@type":"ImageObject","inLanguage":"de","@id":"https:\/\/vignasantamico.it\/#\/schema\/logo\/image\/","url":"https:\/\/vignasantamico.it\/wp-content\/uploads\/2026\/01\/LOGO-VIGNA-SANTAMICO-AGRITURISMO-white.png","contentUrl":"https:\/\/vignasantamico.it\/wp-content\/uploads\/2026\/01\/LOGO-VIGNA-SANTAMICO-AGRITURISMO-white.png","width":339,"height":196,"caption":"Vigna Sant\u2019Amico Agriturismo | Morro d\u2019Alba (AN)"},"image":{"@id":"https:\/\/vignasantamico.it\/#\/schema\/logo\/image\/"},"sameAs":["https:\/\/www.facebook.com\/CHVignaSantAmico","https:\/\/www.instagram.com\/vignasantamicoch\/"]}]}},"_links":{"self":[{"href":"https:\/\/vignasantamico.it\/de\/wp-json\/wp\/v2\/pages\/2070","targetHints":{"allow":["GET"]}}],"collection":[{"href":"https:\/\/vignasantamico.it\/de\/wp-json\/wp\/v2\/pages"}],"about":[{"href":"https:\/\/vignasantamico.it\/de\/wp-json\/wp\/v2\/types\/page"}],"author":[{"embeddable":true,"href":"https:\/\/vignasantamico.it\/de\/wp-json\/wp\/v2\/users\/2"}],"replies":[{"embeddable":true,"href":"https:\/\/vignasantamico.it\/de\/wp-json\/wp\/v2\/comments?post=2070"}],"version-history":[{"count":0,"href":"https:\/\/vignasantamico.it\/de\/wp-json\/wp\/v2\/pages\/2070\/revisions"}],"wp:featuredmedia":[{"embeddable":true,"href":"https:\/\/vignasantamico.it\/de\/wp-json\/wp\/v2\/media\/2074"}],"wp:attachment":[{"href":"https:\/\/vignasantamico.it\/de\/wp-json\/wp\/v2\/media?parent=2070"}],"wp:term":[{"taxonomy":"post_tag","embeddable":true,"href":"https:\/\/vignasantamico.it\/de\/wp-json\/wp\/v2\/tags?post=2070"},{"taxonomy":"page_category","embeddable":true,"href":"https:\/\/vignasantamico.it\/de\/wp-json\/wp\/v2\/page_category?post=2070"}],"curies":[{"name":"wp","href":"https:\/\/api.w.org\/{rel}","templated":true}]}}