{"id":2294,"date":"2026-02-13T16:27:58","date_gmt":"2026-02-13T15:27:58","guid":{"rendered":"https:\/\/vignasantamico.it\/kontakte\/"},"modified":"2026-03-10T11:55:22","modified_gmt":"2026-03-10T10:55:22","slug":"kontakte","status":"publish","type":"page","link":"https:\/\/vignasantamico.it\/de\/kontakte\/","title":{"rendered":"Kontakte"},"content":{"rendered":"\t\t<div data-elementor-type=\"wp-page\" data-elementor-id=\"2294\" class=\"elementor elementor-2294 elementor-768\" data-elementor-post-type=\"page\">\n\t\t\t\t<div class=\"elementor-element elementor-element-ff056f5 e-flex e-con-boxed e-con e-parent\" data-id=\"ff056f5\" data-element_type=\"container\" data-e-type=\"container\">\n\t\t\t\t\t<div class=\"e-con-inner\">\n\t\t<div class=\"elementor-element elementor-element-25508b1 e-con-full e-flex e-con e-child\" data-id=\"25508b1\" data-element_type=\"container\" data-e-type=\"container\">\n\t\t\t\t<div class=\"elementor-element elementor-element-f4fba5a elementor-widget elementor-widget-heading\" data-id=\"f4fba5a\" data-element_type=\"widget\" data-e-type=\"widget\" data-widget_type=\"heading.default\">\n\t\t\t\t\t<h2 class=\"elementor-heading-title elementor-size-default\">Ein Schritt in Richtung Weinberg<\/h2>\t\t\t\t<\/div>\n\t\t\t\t<div class=\"elementor-element elementor-element-bb1bda1 elementor-widget elementor-widget-heading\" data-id=\"bb1bda1\" data-element_type=\"widget\" data-e-type=\"widget\" data-widget_type=\"heading.default\">\n\t\t\t\t\t<h2 class=\"elementor-heading-title elementor-size-default\">INNERHALB der H\u00fcgel von Morro d'Alba<\/h2>\t\t\t\t<\/div>\n\t\t\t\t<\/div>\n\t\t<div class=\"elementor-element elementor-element-a12b894 e-con-full e-flex e-con e-child\" data-id=\"a12b894\" data-element_type=\"container\" data-e-type=\"container\">\n\t\t\t\t<div class=\"elementor-element elementor-element-b7f067d elementor-widget elementor-widget-text-editor\" data-id=\"b7f067d\" data-element_type=\"widget\" data-e-type=\"widget\" data-widget_type=\"text-editor.default\">\n\t\t\t\t\t\t\t\t\t<p>Dank unserer strategischen Lage erreichen Sie die Ruhe des Landhauses Vigna Sant&#8217;Amico ganz einfach. Wenn Sie mit dem Auto anreisen, ist die Autobahn A14 die wichtigste Verkehrsader: Aus Richtung Norden empfehlen wir die Ausfahrt Senigallia (ca. 15 km entfernt), w\u00e4hrend aus dem S\u00fcden und dem Landesinneren die Ausfahrt Ancona Nord am besten geeignet ist. <\/p><p>F\u00fcr Flugverbindungen ist der internationale Flughafen Marken nur 15 km vom Anwesen entfernt. So erreichen Sie Ihr Ziel schnell und bequem, indem Sie direkt am Terminal einen Mietwagen nehmen. Bahnreisende profitieren von den nahegelegenen und gut angebundenen Bahnh\u00f6fen Jesi (12 km, ideal f\u00fcr Ank\u00fcnfte von der Tyrrhenischen\/Rom-Linie) und Senigallia (ca. 15 km, an der Adria-Linie). Von dort aus k\u00f6nnen Sie Ihre Reise bequem mit einem Taxi fortsetzen. <\/p><p>Da unsere l\u00e4ndliche Oase inmitten von Weinbergen liegt, nur 5 km vom Zentrum von Morro d&#8217;Alba entfernt, empfehlen wir Ihnen dringend, ein privates oder gemietetes Fahrzeug zu nutzen. So genie\u00dfen Sie absolute Unabh\u00e4ngigkeit und k\u00f6nnen die Landschaft in vollen Z\u00fcgen genie\u00dfen sowie die umliegenden Str\u00e4nde und D\u00f6rfer bequem erkunden. <\/p><p>Wir laden Sie ein, sich mit uns in Verbindung zu setzen, um Informationen \u00fcber die Agriturismo-Apartments oder den Turm, die Serviceleistungen des Anwesens und die Erlebnisse, die die Region Marken zu jeder Jahreszeit bietet, zu erhalten.<\/p><p>Wir warten auf dich!<\/p>\t\t\t\t\t\t\t\t<\/div>\n\t\t\t\t<\/div>\n\t\t\t\t\t<\/div>\n\t\t\t\t<\/div>\n\t\t<div class=\"elementor-element elementor-element-944265e e-flex e-con-boxed e-con e-child\" data-id=\"944265e\" data-element_type=\"container\" data-e-type=\"container\">\n\t\t\t\t\t<div class=\"e-con-inner\">\n\t\t<div class=\"elementor-element elementor-element-f7f6f3d e-con-full e-flex e-con e-child\" data-id=\"f7f6f3d\" data-element_type=\"container\" data-e-type=\"container\">\n\t\t\t\t<div class=\"elementor-element elementor-element-5abd15c elementor-icon-list--layout-traditional elementor-list-item-link-full_width elementor-widget elementor-widget-icon-list\" data-id=\"5abd15c\" data-element_type=\"widget\" data-e-type=\"widget\" data-widget_type=\"icon-list.default\">\n\t\t\t\t\t\t\t<ul class=\"elementor-icon-list-items\">\n\t\t\t\t\t\t\t<li class=\"elementor-icon-list-item\">\n\t\t\t\t\t\t\t\t\t\t\t<a href=\"tel:+39073163543\">\n\n\t\t\t\t\t\t\t\t\t\t\t<span class=\"elementor-icon-list-text\"><b>Telefon:<\/b><br>0731 63543<\/span>\n\t\t\t\t\t\t\t\t\t\t\t<\/a>\n\t\t\t\t\t\t\t\t\t<\/li>\n\t\t\t\t\t\t\t\t<li class=\"elementor-icon-list-item\">\n\t\t\t\t\t\t\t\t\t\t\t<a href=\"mailto:vignasantamico@marotticampi.net\">\n\n\t\t\t\t\t\t\t\t\t\t\t<span class=\"elementor-icon-list-text\"><b>Mail:<\/b><br>vignasantamico@marotticampi.net<\/span>\n\t\t\t\t\t\t\t\t\t\t\t<\/a>\n\t\t\t\t\t\t\t\t\t<\/li>\n\t\t\t\t\t\t\t\t<li class=\"elementor-icon-list-item\">\n\t\t\t\t\t\t\t\t\t\t\t<a href=\"https:\/\/www.google.com\/maps?rlz=1C5CHFA_enIT1024IT1024&#038;gs_lcrp=EgZjaHJvbWUyBggAEEUYOTISCAEQLhgNGK8BGMcBGIAEGJgFMggIAhAAGA0YHjIICAMQABgNGB4yDAgEEAAYBRgKGA0YHjIKCAUQABiABBiiBDIHCAYQABjvBdIBCDQ2MjhqMGo3qAIAsAIA&#038;um=1&#038;ie=UTF-8&#038;fb=1&#038;gl=it&#038;sa=X&#038;geocode=KTFlWCvUny0TMSykmPGydvSc&#038;daddr=Via+Sant%27Amico,+70,+60030+Morro+d%27Alba+AN\" target=\"_blank\">\n\n\t\t\t\t\t\t\t\t\t\t\t<span class=\"elementor-icon-list-text\"><b>Wo Sie uns finden:<\/b><br>Via Sant'Amico, 70, 60030 Morro d'Alba AN<\/span>\n\t\t\t\t\t\t\t\t\t\t\t<\/a>\n\t\t\t\t\t\t\t\t\t<\/li>\n\t\t\t\t\t\t<\/ul>\n\t\t\t\t\t\t<\/div>\n\t\t\t\t<div class=\"elementor-element elementor-element-d8df496 elementor-widget elementor-widget-shortcode\" data-id=\"d8df496\" data-element_type=\"widget\" data-e-type=\"widget\" data-widget_type=\"shortcode.default\">\n\t\t\t\t\t\t\t<div class=\"elementor-shortcode\">\n<div class=\"wpcf7 no-js\" id=\"wpcf7-f2226-o1\" lang=\"de-DE\" dir=\"ltr\" data-wpcf7-id=\"2226\">\n<div class=\"screen-reader-response\"><p role=\"status\" aria-live=\"polite\" aria-atomic=\"true\"><\/p> <ul><\/ul><\/div>\n<form action=\"\/de\/wp-json\/wp\/v2\/pages\/2294#wpcf7-f2226-o1\" method=\"post\" class=\"wpcf7-form init\" aria-label=\"Kontaktformular\" novalidate=\"novalidate\" data-status=\"init\">\n<fieldset class=\"hidden-fields-container\"><input type=\"hidden\" name=\"_wpcf7\" value=\"2226\" \/><input type=\"hidden\" name=\"_wpcf7_version\" value=\"6.1.5\" \/><input type=\"hidden\" name=\"_wpcf7_locale\" value=\"de_DE\" \/><input type=\"hidden\" name=\"_wpcf7_unit_tag\" value=\"wpcf7-f2226-o1\" \/><input type=\"hidden\" name=\"_wpcf7_container_post\" value=\"0\" \/><input type=\"hidden\" name=\"_wpcf7_posted_data_hash\" value=\"\" \/>\n<\/fieldset>\n<div class=\"content-column one_half\">\n\t<p><label class=\"cf7-mobile\" style=\"width: 95%\"><span class=\"wpcf7-form-control-wrap\" data-name=\"first-name\"><input size=\"40\" maxlength=\"400\" class=\"wpcf7-form-control wpcf7-text wpcf7-validates-as-required\" autocomplete=\"name\" aria-required=\"true\" aria-invalid=\"false\" placeholder=\"Name*\" value=\"\" type=\"text\" name=\"first-name\" \/><\/span><\/label>\n\t<\/p>\n<\/div>\n<div class=\"content-column one_half\">\n\t<p><label class=\"cf7-width\"><span class=\"wpcf7-form-control-wrap\" data-name=\"last-name\"><input size=\"40\" maxlength=\"400\" class=\"wpcf7-form-control wpcf7-text wpcf7-validates-as-required\" autocomplete=\"surname\" aria-required=\"true\" aria-invalid=\"false\" placeholder=\"Nachname*\" value=\"\" type=\"text\" name=\"last-name\" \/><\/span><\/label>\n\t<\/p>\n<\/div>\n<div class=\"content-column one_half\">\n\t<p><label class=\"cf7-mobile\" style=\"width: 95%\"><span class=\"wpcf7-form-control-wrap\" data-name=\"email\"><input size=\"40\" maxlength=\"400\" class=\"wpcf7-form-control wpcf7-email wpcf7-validates-as-required wpcf7-text wpcf7-validates-as-email\" autocomplete=\"email\" aria-required=\"true\" aria-invalid=\"false\" placeholder=\"Email*\" value=\"\" type=\"email\" name=\"email\" \/><\/span><\/label>\n\t<\/p>\n<\/div>\n<div class=\"content-column one_half last_column\">\n\t<p><label class=\"cf7-width\"><span class=\"wpcf7-form-control-wrap\" data-name=\"phone\"><input size=\"40\" maxlength=\"400\" class=\"wpcf7-form-control wpcf7-tel wpcf7-validates-as-required wpcf7-text wpcf7-validates-as-tel\" autocomplete=\"phone\" aria-required=\"true\" aria-invalid=\"false\" placeholder=\"Telefon*\" value=\"\" type=\"tel\" name=\"phone\" \/><\/span><\/label>\n\t<\/p>\n<\/div>\n<p><label style=\"width: 100%; margin-bottom: 15px\"><span class=\"wpcf7-form-control-wrap\" data-name=\"your-message\"><textarea cols=\"40\" rows=\"3\" maxlength=\"2000\" class=\"wpcf7-form-control wpcf7-textarea wpcf7-validates-as-required\" aria-required=\"true\" aria-invalid=\"false\" placeholder=\"Ihre Nachricht*\" name=\"your-message\"><\/textarea><\/span><\/label><br \/>\n<label>Privacy *<br \/>\n<span class=\"wpcf7-form-control-wrap\" data-name=\"acceptance-758\"><span class=\"wpcf7-form-control wpcf7-acceptance\"><span class=\"wpcf7-list-item\"><input type=\"checkbox\" name=\"acceptance-758\" value=\"1\" aria-invalid=\"false\" \/><\/span><\/span><\/span>Ich erkl\u00e4re hiermit, dass ich die Datenschutzrichtlinie gem\u00e4\u00df der <a href=\"https:\/\/vignasantamico.it\/de\/privacy-cookie-policy\/\" target=\"\u201d_blank\u201d\">Datenschutz-Grundverordnung<\/a> (DSGVO) (EU 2016\/679) und dem italienischen Datenschutzgesetz (DL 196\/2003) gelesen und akzeptiert habe.*<\/label>\n<\/p>\n<p><div class=\"cf7-cf-turnstile\" style=\"margin-top: 0px; margin-bottom: -15px;\"> <div id=\"cf-turnstile-cf7-2562052701\" class=\"cf-turnstile\" data-sitekey=\"0x4AAAAAAAEiyLo1TUKD9m8j\" data-theme=\"light\" data-language=\"auto\" data-size=\"normal\" data-retry=\"auto\" data-retry-interval=\"1000\" data-refresh-expired=\"auto\" data-refresh-timeout=\"auto\" data-action=\"contact-form-7\" data-callback=\"turnstileCF7Callback\" data-appearance=\"always\"><\/div> <script>document.addEventListener(\"DOMContentLoaded\", function() { setTimeout(function(){ var e=document.getElementById(\"cf-turnstile-cf7-2562052701\"); if(e&&!e.innerHTML.trim()){turnstile.render(e, {sitekey:\"0x4AAAAAAAEiyLo1TUKD9m8j\"});} }, 200); });<\/script> <br class=\"cf-turnstile-br cf-turnstile-br-cf7-2562052701\"> <style>#cf-turnstile-cf7-2562052701 { margin-left: -15px; }<\/style> <script>document.addEventListener(\"DOMContentLoaded\",function(){document.querySelectorAll('.wpcf7-form').forEach(function(e){e.addEventListener('submit',function(){if(document.getElementById('cf-turnstile-cf7-2562052701')){setTimeout(function(){turnstile.reset('#cf-turnstile-cf7-2562052701');},1000)}})})});<\/script> <\/div><br\/><input class=\"wpcf7-form-control wpcf7-submit has-spinner\" type=\"submit\" value=\"Schicken\" \/>\n<\/p><div class=\"wpcf7-response-output\" aria-hidden=\"true\"><\/div>\n<\/form>\n<\/div>\n<\/div>\n\t\t\t\t\t\t<\/div>\n\t\t\t\t<\/div>\n\t\t<div class=\"elementor-element elementor-element-9846a16 e-con-full e-flex e-con e-child\" data-id=\"9846a16\" data-element_type=\"container\" data-e-type=\"container\">\n\t\t\t\t<div class=\"elementor-element elementor-element-1ca7832 elementor-widget elementor-widget-html\" data-id=\"1ca7832\" data-element_type=\"widget\" data-e-type=\"widget\" data-widget_type=\"html.default\">\n\t\t\t\t\t<iframe src=\"https:\/\/snazzymaps.com\/embed\/773049\" width=\"100%\" height=\"600px\" style=\"border:none;\"><\/iframe>\t\t\t\t<\/div>\n\t\t\t\t<\/div>\n\t\t\t\t\t<\/div>\n\t\t\t\t<\/div>\n\t\t<div class=\"elementor-element elementor-element-ce2b5e2 e-con-full e-flex e-con e-parent\" data-id=\"ce2b5e2\" data-element_type=\"container\" data-e-type=\"container\" data-settings=\"{&quot;background_background&quot;:&quot;classic&quot;}\">\n\t\t\t\t<\/div>\n\t\t\t\t<\/div>\n\t\t","protected":false},"excerpt":{"rendered":"<p>Ein Schritt in Richtung Weinberg INNERHALB der H\u00fcgel von Morro d&#8217;Alba Dank unserer strategischen Lage erreichen Sie die Ruhe des Landhauses Vigna Sant&#8217;Amico ganz einfach. Wenn Sie mit dem Auto anreisen, ist die Autobahn A14 die wichtigste Verkehrsader: Aus Richtung Norden empfehlen wir die Ausfahrt Senigallia (ca. 15 km entfernt), w\u00e4hrend aus dem S\u00fcden und [&hellip;]<\/p>\n","protected":false},"author":2,"featured_media":2293,"parent":0,"menu_order":0,"comment_status":"closed","ping_status":"closed","template":"","meta":{"_acf_changed":false,"footnotes":""},"tags":[],"page_category":[],"class_list":["post-2294","page","type-page","status-publish","has-post-thumbnail","hentry"],"acf":[],"yoast_head":"<!-- This site is optimized with the Yoast SEO plugin v27.4 - https:\/\/yoast.com\/product\/yoast-seo-wordpress\/ -->\n<title>Anreise nach Vigna Sant&#039;Amico | Morro d&#039;Alba<\/title>\n<meta name=\"description\" content=\"Kontaktieren Sie Vigna Sant\u2019Amico, ein Landhaus in Morro d\u2019Alba, eingebettet in die H\u00fcgel der Marken. Wegbeschreibung, Telefonnummer und gute Erreichbarkeit finden Sie hier.\" \/>\n<meta name=\"robots\" content=\"index, follow, max-snippet:-1, max-image-preview:large, max-video-preview:-1\" \/>\n<link rel=\"canonical\" href=\"https:\/\/vignasantamico.it\/de\/kontakte\/\" \/>\n<meta property=\"og:locale\" content=\"de_DE\" \/>\n<meta property=\"og:type\" content=\"article\" \/>\n<meta property=\"og:title\" content=\"Anreise nach Vigna Sant&#039;Amico | Morro d&#039;Alba\" \/>\n<meta property=\"og:description\" content=\"Kontaktieren Sie Vigna Sant\u2019Amico, ein Landhaus in Morro d\u2019Alba, eingebettet in die H\u00fcgel der Marken. Wegbeschreibung, Telefonnummer und gute Erreichbarkeit finden Sie hier.\" \/>\n<meta property=\"og:url\" content=\"https:\/\/vignasantamico.it\/de\/kontakte\/\" \/>\n<meta property=\"og:site_name\" content=\"Vigna Sant\u2019Amico Agriturismo | Morro d\u2019Alba (AN)\" \/>\n<meta property=\"article:publisher\" content=\"https:\/\/www.facebook.com\/CHVignaSantAmico\" \/>\n<meta property=\"article:modified_time\" content=\"2026-03-10T10:55:22+00:00\" \/>\n<meta property=\"og:image\" content=\"https:\/\/vignasantamico.it\/wp-content\/uploads\/2026\/02\/vigna-santamico-morro-d-alba-senigallia-ancona-agriturismo-lacrima-verdicchio-CONTATTI-cover.png\" \/>\n\t<meta property=\"og:image:width\" content=\"1024\" \/>\n\t<meta property=\"og:image:height\" content=\"479\" \/>\n\t<meta property=\"og:image:type\" content=\"image\/png\" \/>\n<meta name=\"twitter:card\" content=\"summary_large_image\" \/>\n<meta name=\"twitter:label1\" content=\"Gesch\u00e4tzte Lesezeit\" \/>\n\t<meta name=\"twitter:data1\" content=\"1\u00a0Minute\" \/>\n<script type=\"application\/ld+json\" class=\"yoast-schema-graph\">{\"@context\":\"https:\\\/\\\/schema.org\",\"@graph\":[{\"@type\":\"WebPage\",\"@id\":\"https:\\\/\\\/vignasantamico.it\\\/de\\\/kontakte\\\/\",\"url\":\"https:\\\/\\\/vignasantamico.it\\\/de\\\/kontakte\\\/\",\"name\":\"Anreise nach Vigna Sant'Amico | Morro d'Alba\",\"isPartOf\":{\"@id\":\"https:\\\/\\\/vignasantamico.it\\\/#website\"},\"primaryImageOfPage\":{\"@id\":\"https:\\\/\\\/vignasantamico.it\\\/de\\\/kontakte\\\/#primaryimage\"},\"image\":{\"@id\":\"https:\\\/\\\/vignasantamico.it\\\/de\\\/kontakte\\\/#primaryimage\"},\"thumbnailUrl\":\"https:\\\/\\\/vignasantamico.it\\\/wp-content\\\/uploads\\\/2026\\\/02\\\/vigna-santamico-morro-d-alba-senigallia-ancona-agriturismo-lacrima-verdicchio-CONTATTI-cover.png\",\"datePublished\":\"2026-02-13T15:27:58+00:00\",\"dateModified\":\"2026-03-10T10:55:22+00:00\",\"description\":\"Kontaktieren Sie Vigna Sant\u2019Amico, ein Landhaus in Morro d\u2019Alba, eingebettet in die H\u00fcgel der Marken. Wegbeschreibung, Telefonnummer und gute Erreichbarkeit finden Sie hier.\",\"breadcrumb\":{\"@id\":\"https:\\\/\\\/vignasantamico.it\\\/de\\\/kontakte\\\/#breadcrumb\"},\"inLanguage\":\"de\",\"potentialAction\":[{\"@type\":\"ReadAction\",\"target\":[\"https:\\\/\\\/vignasantamico.it\\\/de\\\/kontakte\\\/\"]}]},{\"@type\":\"ImageObject\",\"inLanguage\":\"de\",\"@id\":\"https:\\\/\\\/vignasantamico.it\\\/de\\\/kontakte\\\/#primaryimage\",\"url\":\"https:\\\/\\\/vignasantamico.it\\\/wp-content\\\/uploads\\\/2026\\\/02\\\/vigna-santamico-morro-d-alba-senigallia-ancona-agriturismo-lacrima-verdicchio-CONTATTI-cover.png\",\"contentUrl\":\"https:\\\/\\\/vignasantamico.it\\\/wp-content\\\/uploads\\\/2026\\\/02\\\/vigna-santamico-morro-d-alba-senigallia-ancona-agriturismo-lacrima-verdicchio-CONTATTI-cover.png\",\"width\":1024,\"height\":479},{\"@type\":\"BreadcrumbList\",\"@id\":\"https:\\\/\\\/vignasantamico.it\\\/de\\\/kontakte\\\/#breadcrumb\",\"itemListElement\":[{\"@type\":\"ListItem\",\"position\":1,\"name\":\"Home\",\"item\":\"https:\\\/\\\/vignasantamico.it\\\/de\\\/homepage\\\/\"},{\"@type\":\"ListItem\",\"position\":2,\"name\":\"Kontakte\"}]},{\"@type\":\"WebSite\",\"@id\":\"https:\\\/\\\/vignasantamico.it\\\/#website\",\"url\":\"https:\\\/\\\/vignasantamico.it\\\/\",\"name\":\"Vigna Sant\u2019Amico Agriturismo | Morro d\u2019Alba (AN)\",\"description\":\"Agriturismo nelle colline di Morro d\u2019Alba, vicino Senigallia\",\"publisher\":{\"@id\":\"https:\\\/\\\/vignasantamico.it\\\/#organization\"},\"potentialAction\":[{\"@type\":\"SearchAction\",\"target\":{\"@type\":\"EntryPoint\",\"urlTemplate\":\"https:\\\/\\\/vignasantamico.it\\\/?s={search_term_string}\"},\"query-input\":{\"@type\":\"PropertyValueSpecification\",\"valueRequired\":true,\"valueName\":\"search_term_string\"}}],\"inLanguage\":\"de\"},{\"@type\":\"Organization\",\"@id\":\"https:\\\/\\\/vignasantamico.it\\\/#organization\",\"name\":\"Vigna Sant\u2019Amico Agriturismo | Morro d\u2019Alba (AN)\",\"url\":\"https:\\\/\\\/vignasantamico.it\\\/\",\"logo\":{\"@type\":\"ImageObject\",\"inLanguage\":\"de\",\"@id\":\"https:\\\/\\\/vignasantamico.it\\\/#\\\/schema\\\/logo\\\/image\\\/\",\"url\":\"https:\\\/\\\/vignasantamico.it\\\/wp-content\\\/uploads\\\/2026\\\/01\\\/LOGO-VIGNA-SANTAMICO-AGRITURISMO-white.png\",\"contentUrl\":\"https:\\\/\\\/vignasantamico.it\\\/wp-content\\\/uploads\\\/2026\\\/01\\\/LOGO-VIGNA-SANTAMICO-AGRITURISMO-white.png\",\"width\":339,\"height\":196,\"caption\":\"Vigna Sant\u2019Amico Agriturismo | Morro d\u2019Alba (AN)\"},\"image\":{\"@id\":\"https:\\\/\\\/vignasantamico.it\\\/#\\\/schema\\\/logo\\\/image\\\/\"},\"sameAs\":[\"https:\\\/\\\/www.facebook.com\\\/CHVignaSantAmico\",\"https:\\\/\\\/www.instagram.com\\\/vignasantamicoch\\\/\"]}]}<\/script>\n<!-- \/ Yoast SEO plugin. -->","yoast_head_json":{"title":"Anreise nach Vigna Sant'Amico | Morro d'Alba","description":"Kontaktieren Sie Vigna Sant\u2019Amico, ein Landhaus in Morro d\u2019Alba, eingebettet in die H\u00fcgel der Marken. Wegbeschreibung, Telefonnummer und gute Erreichbarkeit finden Sie hier.","robots":{"index":"index","follow":"follow","max-snippet":"max-snippet:-1","max-image-preview":"max-image-preview:large","max-video-preview":"max-video-preview:-1"},"canonical":"https:\/\/vignasantamico.it\/de\/kontakte\/","og_locale":"de_DE","og_type":"article","og_title":"Anreise nach Vigna Sant'Amico | Morro d'Alba","og_description":"Kontaktieren Sie Vigna Sant\u2019Amico, ein Landhaus in Morro d\u2019Alba, eingebettet in die H\u00fcgel der Marken. Wegbeschreibung, Telefonnummer und gute Erreichbarkeit finden Sie hier.","og_url":"https:\/\/vignasantamico.it\/de\/kontakte\/","og_site_name":"Vigna Sant\u2019Amico Agriturismo | Morro d\u2019Alba (AN)","article_publisher":"https:\/\/www.facebook.com\/CHVignaSantAmico","article_modified_time":"2026-03-10T10:55:22+00:00","og_image":[{"width":1024,"height":479,"url":"https:\/\/vignasantamico.it\/wp-content\/uploads\/2026\/02\/vigna-santamico-morro-d-alba-senigallia-ancona-agriturismo-lacrima-verdicchio-CONTATTI-cover.png","type":"image\/png"}],"twitter_card":"summary_large_image","twitter_misc":{"Gesch\u00e4tzte Lesezeit":"1\u00a0Minute"},"schema":{"@context":"https:\/\/schema.org","@graph":[{"@type":"WebPage","@id":"https:\/\/vignasantamico.it\/de\/kontakte\/","url":"https:\/\/vignasantamico.it\/de\/kontakte\/","name":"Anreise nach Vigna Sant'Amico | Morro d'Alba","isPartOf":{"@id":"https:\/\/vignasantamico.it\/#website"},"primaryImageOfPage":{"@id":"https:\/\/vignasantamico.it\/de\/kontakte\/#primaryimage"},"image":{"@id":"https:\/\/vignasantamico.it\/de\/kontakte\/#primaryimage"},"thumbnailUrl":"https:\/\/vignasantamico.it\/wp-content\/uploads\/2026\/02\/vigna-santamico-morro-d-alba-senigallia-ancona-agriturismo-lacrima-verdicchio-CONTATTI-cover.png","datePublished":"2026-02-13T15:27:58+00:00","dateModified":"2026-03-10T10:55:22+00:00","description":"Kontaktieren Sie Vigna Sant\u2019Amico, ein Landhaus in Morro d\u2019Alba, eingebettet in die H\u00fcgel der Marken. Wegbeschreibung, Telefonnummer und gute Erreichbarkeit finden Sie hier.","breadcrumb":{"@id":"https:\/\/vignasantamico.it\/de\/kontakte\/#breadcrumb"},"inLanguage":"de","potentialAction":[{"@type":"ReadAction","target":["https:\/\/vignasantamico.it\/de\/kontakte\/"]}]},{"@type":"ImageObject","inLanguage":"de","@id":"https:\/\/vignasantamico.it\/de\/kontakte\/#primaryimage","url":"https:\/\/vignasantamico.it\/wp-content\/uploads\/2026\/02\/vigna-santamico-morro-d-alba-senigallia-ancona-agriturismo-lacrima-verdicchio-CONTATTI-cover.png","contentUrl":"https:\/\/vignasantamico.it\/wp-content\/uploads\/2026\/02\/vigna-santamico-morro-d-alba-senigallia-ancona-agriturismo-lacrima-verdicchio-CONTATTI-cover.png","width":1024,"height":479},{"@type":"BreadcrumbList","@id":"https:\/\/vignasantamico.it\/de\/kontakte\/#breadcrumb","itemListElement":[{"@type":"ListItem","position":1,"name":"Home","item":"https:\/\/vignasantamico.it\/de\/homepage\/"},{"@type":"ListItem","position":2,"name":"Kontakte"}]},{"@type":"WebSite","@id":"https:\/\/vignasantamico.it\/#website","url":"https:\/\/vignasantamico.it\/","name":"Vigna Sant\u2019Amico Agriturismo | Morro d\u2019Alba (AN)","description":"Agriturismo nelle colline di Morro d\u2019Alba, vicino Senigallia","publisher":{"@id":"https:\/\/vignasantamico.it\/#organization"},"potentialAction":[{"@type":"SearchAction","target":{"@type":"EntryPoint","urlTemplate":"https:\/\/vignasantamico.it\/?s={search_term_string}"},"query-input":{"@type":"PropertyValueSpecification","valueRequired":true,"valueName":"search_term_string"}}],"inLanguage":"de"},{"@type":"Organization","@id":"https:\/\/vignasantamico.it\/#organization","name":"Vigna Sant\u2019Amico Agriturismo | Morro d\u2019Alba (AN)","url":"https:\/\/vignasantamico.it\/","logo":{"@type":"ImageObject","inLanguage":"de","@id":"https:\/\/vignasantamico.it\/#\/schema\/logo\/image\/","url":"https:\/\/vignasantamico.it\/wp-content\/uploads\/2026\/01\/LOGO-VIGNA-SANTAMICO-AGRITURISMO-white.png","contentUrl":"https:\/\/vignasantamico.it\/wp-content\/uploads\/2026\/01\/LOGO-VIGNA-SANTAMICO-AGRITURISMO-white.png","width":339,"height":196,"caption":"Vigna Sant\u2019Amico Agriturismo | Morro d\u2019Alba (AN)"},"image":{"@id":"https:\/\/vignasantamico.it\/#\/schema\/logo\/image\/"},"sameAs":["https:\/\/www.facebook.com\/CHVignaSantAmico","https:\/\/www.instagram.com\/vignasantamicoch\/"]}]}},"_links":{"self":[{"href":"https:\/\/vignasantamico.it\/de\/wp-json\/wp\/v2\/pages\/2294","targetHints":{"allow":["GET"]}}],"collection":[{"href":"https:\/\/vignasantamico.it\/de\/wp-json\/wp\/v2\/pages"}],"about":[{"href":"https:\/\/vignasantamico.it\/de\/wp-json\/wp\/v2\/types\/page"}],"author":[{"embeddable":true,"href":"https:\/\/vignasantamico.it\/de\/wp-json\/wp\/v2\/users\/2"}],"replies":[{"embeddable":true,"href":"https:\/\/vignasantamico.it\/de\/wp-json\/wp\/v2\/comments?post=2294"}],"version-history":[{"count":0,"href":"https:\/\/vignasantamico.it\/de\/wp-json\/wp\/v2\/pages\/2294\/revisions"}],"wp:featuredmedia":[{"embeddable":true,"href":"https:\/\/vignasantamico.it\/de\/wp-json\/wp\/v2\/media\/2293"}],"wp:attachment":[{"href":"https:\/\/vignasantamico.it\/de\/wp-json\/wp\/v2\/media?parent=2294"}],"wp:term":[{"taxonomy":"post_tag","embeddable":true,"href":"https:\/\/vignasantamico.it\/de\/wp-json\/wp\/v2\/tags?post=2294"},{"taxonomy":"page_category","embeddable":true,"href":"https:\/\/vignasantamico.it\/de\/wp-json\/wp\/v2\/page_category?post=2294"}],"curies":[{"name":"wp","href":"https:\/\/api.w.org\/{rel}","templated":true}]}}